{"id":1126,"date":"2023-10-03T18:26:08","date_gmt":"2023-10-03T23:26:08","guid":{"rendered":"https:\/\/www.siguelasenda.com\/?page_id=1126"},"modified":"2024-05-09T17:04:45","modified_gmt":"2024-05-09T22:04:45","slug":"politica-de-control-y-seguridad-basc","status":"publish","type":"page","link":"https:\/\/www.siguelasenda.com\/en\/politica-de-control-y-seguridad-basc\/","title":{"rendered":"Pol\u00edtica de control y seguridad (BASC)"},"content":{"rendered":"<p>Pol\u00edtica integrada de gesti\u00f3n<\/p>\n\n\n\n<p>En SENDA SOLUCIONES LOGISTICAS S.A.C., empresa especializada en ofrecer soluciones log\u00edsticas integrales, somos conscientes del compromiso con nuestros clientes en cuanto a calidad, seguridad en el comercio internacional y seguridad y salud en el trabajo.<\/p>\n\n\n\n<p>Por ello nos comprometemos a:<\/p>\n\n\n\n<ul class=\"wp-block-list\">\n<li>Prevenir cualquier tipo de actividad il\u00edcita en nuestro procedimientos operativos y administrativos, tales como: Contaminaci\u00f3n de carga por drogas, lavado de activos, corrupci\u00f3n y soborno, contrabando o robo tanto al interior de la empresa, como en su participaci\u00f3n en la cadena log\u00edstica internacional.<\/li>\n\n\n\n<li>Cumplir con los requisitos de los acuerdos comerciales contractuales establecidos con nuestros clientes, con el fin de lograr la satisfacci\u00f3n de los mismos.<\/li>\n\n\n\n<li>Brindar ambientes seguros y saludables a nuestro personal para el desarrollo de sus actividades y promover una cultura de prevenci\u00f3n de riesgos.<\/li>\n\n\n\n<li>Garantizar los medios de consulta y participaci\u00f3n de todos nuestros colaboradores en la implementaci\u00f3n, seguimiento y control de nuestro sistema de seguridad y salud en el trabajo.<\/li>\n\n\n\n<li>Asignar responsabilidad a todos los niveles de la organizaci\u00f3n en lo referente a seguridad y salud en el trabajo.<\/li>\n\n\n\n<li>Cumplir con la legislaci\u00f3n y reglamentaci\u00f3n aplicable en materia de calidad, seguridad en el comercio internacional, seguridad y salud en el trabajo para el funcionamiento del negocio y con otro que suscribamos tanto con nuestras partes interesadas y como resultado de compromisos propios del contexto organizacional que tenemos.<\/li>\n\n\n\n<li>A generar un impacto positivo en nuestra comunidad promoviendo un trato digno, emp\u00e1tico, respetuoso y equitativo con el fin de prevenir y controlar el abuso laboral, discriminaci\u00f3n, trabajo forzoso, trabajo infantil y otras violaciones de derechos humanos. Adem\u00e1s, nuestra organizaci\u00f3n promueve el trabajo responsable y \u00e9tico en busca de brindar un servicio de altos est\u00e1ndares pues sabemos que de esta forma reduciremos el impacto en el medio ambiente.<\/li>\n\n\n\n<li>Brindar los recursos necesarios y concientizar al personal para el correcto funcionamiento del sistema integrado de gesti\u00f3n.<\/li>\n\n\n\n<li>Mantener y mejorar continuamente el desempe\u00f1o de nuestro sistema integrado de gesti\u00f3n mediante revisiones peri\u00f3dicas.<\/li>\n<\/ul>\n\n\n\n<p>En base a nuestros compromisos hemos establecido objetivos para nuestro sistema integrado de gesti\u00f3n, estando todo el personal de SENDA SOLUCIONES LOGISTICAS S.A.C. comprometido con el cumplimiento de los mismos.<\/p>","protected":false},"excerpt":{"rendered":"<p>Pol\u00edtica integrada de gesti\u00f3n En SENDA SOLUCIONES LOGISTICAS S.A.C., empresa especializada en ofrecer soluciones log\u00edsticas integrales, somos conscientes del compromiso con nuestros clientes en cuanto a calidad, seguridad en el comercio internacional y seguridad y salud en el trabajo. Por ello nos comprometemos a: En base a nuestros compromisos hemos establecido objetivos para nuestro sistema [&hellip;]<\/p>","protected":false},"author":1982,"featured_media":0,"parent":0,"menu_order":0,"comment_status":"closed","ping_status":"closed","template":"","meta":{"_acf_changed":false,"footnotes":""},"class_list":["post-1126","page","type-page","status-publish","hentry"],"acf":[],"_links":{"self":[{"href":"https:\/\/www.siguelasenda.com\/en\/wp-json\/wp\/v2\/pages\/1126","targetHints":{"allow":["GET"]}}],"collection":[{"href":"https:\/\/www.siguelasenda.com\/en\/wp-json\/wp\/v2\/pages"}],"about":[{"href":"https:\/\/www.siguelasenda.com\/en\/wp-json\/wp\/v2\/types\/page"}],"author":[{"embeddable":true,"href":"https:\/\/www.siguelasenda.com\/en\/wp-json\/wp\/v2\/users\/1982"}],"replies":[{"embeddable":true,"href":"https:\/\/www.siguelasenda.com\/en\/wp-json\/wp\/v2\/comments?post=1126"}],"version-history":[{"count":6,"href":"https:\/\/www.siguelasenda.com\/en\/wp-json\/wp\/v2\/pages\/1126\/revisions"}],"predecessor-version":[{"id":1929,"href":"https:\/\/www.siguelasenda.com\/en\/wp-json\/wp\/v2\/pages\/1126\/revisions\/1929"}],"wp:attachment":[{"href":"https:\/\/www.siguelasenda.com\/en\/wp-json\/wp\/v2\/media?parent=1126"}],"curies":[{"name":"wp","href":"https:\/\/api.w.org\/{rel}","templated":true}]}}